{"id":39433,"date":"2024-05-08T08:00:31","date_gmt":"2024-05-08T08:00:31","guid":{"rendered":"https:\/\/burmester.pt\/?post_type=product&#038;p=39433"},"modified":"2024-06-12T15:07:50","modified_gmt":"2024-06-12T15:07:50","slug":"alvarinho-sercial","status":"publish","type":"product","link":"https:\/\/burmester.pt\/en\/vinhos\/alvarinho-sercial\/","title":{"rendered":"Alvarinho &#038; Sercial"},"content":{"rendered":"&nbsp;","protected":false},"excerpt":{"rendered":"Com uma cor amarelo-lim\u00e3o brilhante, este vinho distingue-se pelos seus aromas frutados e elegantes, caracter\u00edsticos da casta Alvarinho. Possui ainda uma frescura e sensa\u00e7\u00e3o de pedra molhada, provenientes da casta Sercial, apresentando algumas notas de salinidade, que o complementam. Na boca \u00e9 aveludado, transmitindo fortes notas de frutas brancas e tropicais.\r\n\u00c9 um vinho que apresenta um perfeito equil\u00edbrio entre o \u00e1lcool e a acidez, com um final de boca longo e complexo.","protected":false},"featured_media":39492,"template":"","meta":{"_lmt_disableupdate":"no","_lmt_disable":"","_mi_skip_tracking":false},"product_cat":[1164],"product_tag":[],"_links":{"self":[{"href":"https:\/\/burmester.pt\/en\/wp-json\/wp\/v2\/product\/39433"}],"collection":[{"href":"https:\/\/burmester.pt\/en\/wp-json\/wp\/v2\/product"}],"about":[{"href":"https:\/\/burmester.pt\/en\/wp-json\/wp\/v2\/types\/product"}],"wp:featuredmedia":[{"embeddable":true,"href":"https:\/\/burmester.pt\/en\/wp-json\/wp\/v2\/media\/39492"}],"wp:attachment":[{"href":"https:\/\/burmester.pt\/en\/wp-json\/wp\/v2\/media?parent=39433"}],"wp:term":[{"taxonomy":"product_cat","embeddable":true,"href":"https:\/\/burmester.pt\/en\/wp-json\/wp\/v2\/product_cat?post=39433"},{"taxonomy":"product_tag","embeddable":true,"href":"https:\/\/burmester.pt\/en\/wp-json\/wp\/v2\/product_tag?post=39433"}],"curies":[{"name":"wp","href":"https:\/\/api.w.org\/{rel}","templated":true}]}}